{"id":7524,"date":"2020-05-23T23:12:11","date_gmt":"2020-05-23T21:12:11","guid":{"rendered":"https:\/\/biosabor.com\/home\/"},"modified":"2022-04-12T12:10:59","modified_gmt":"2022-04-12T10:10:59","slug":"home","status":"publish","type":"page","link":"https:\/\/biosabor.com\/en\/","title":{"rendered":"Home"},"content":{"rendered":"","protected":false},"excerpt":{"rendered":"","protected":false},"author":3,"featured_media":7943,"parent":0,"menu_order":0,"comment_status":"closed","ping_status":"closed","template":"","meta":[],"acf":[],"yoast_head":"<!-- This site is optimized with the Yoast SEO plugin v17.8 - https:\/\/yoast.com\/wordpress\/plugins\/seo\/ -->\n<title>Biosabor SAT - L\u00edder en el cultivo ecol\u00f3gico y gazpacho fresco natural<\/title>\n<meta name=\"robots\" content=\"index, follow, max-snippet:-1, max-image-preview:large, max-video-preview:-1\" \/>\n<link rel=\"canonical\" href=\"https:\/\/biosabor.com\/en\/\" \/>\n<meta property=\"og:locale\" content=\"en_US\" \/>\n<meta property=\"og:type\" content=\"article\" \/>\n<meta property=\"og:title\" content=\"Biosabor SAT - L\u00edder en el cultivo ecol\u00f3gico y gazpacho fresco natural\" \/>\n<meta property=\"og:description\" content=\"Somos una empresa pionera en agricultura ecol\u00f3gica, todos nuestros productos cumplen con los niveles m\u00e1s exigentes de seguridad alimentaria, tanto nacionales como internacionales.\" \/>\n<meta property=\"og:url\" content=\"https:\/\/biosabor.com\/en\/\" \/>\n<meta property=\"og:site_name\" content=\"Biosabor SAT - L\u00edder en el cultivo ecol\u00f3gico y gazpacho fresco natural\" \/>\n<meta property=\"article:publisher\" content=\"https:\/\/www.facebook.com\/empresabiosabor\/\" \/>\n<meta property=\"article:modified_time\" content=\"2022-04-12T10:10:59+00:00\" \/>\n<meta property=\"og:image\" content=\"https:\/\/biosabor.com\/wp-content\/uploads\/2020\/09\/Frame-1-3-min.jpg\" \/>\n\t<meta property=\"og:image:width\" content=\"1440\" \/>\n\t<meta property=\"og:image:height\" content=\"960\" \/>\n<meta name=\"twitter:card\" content=\"summary_large_image\" \/>\n<meta name=\"twitter:title\" content=\"Biosabor SAT - L\u00edder en el cultivo ecol\u00f3gico y gazpacho fresco natural\" \/>\n<meta name=\"twitter:description\" content=\"Somos una empresa pionera en agricultura ecol\u00f3gica, todos nuestros productos cumplen con los niveles m\u00e1s exigentes de seguridad alimentaria, tanto nacionales como internacionales.\" \/>\n<meta name=\"twitter:image\" content=\"https:\/\/biosabor.com\/wp-content\/uploads\/2021\/08\/Exterior-Ceniatal-scaled.jpg\" \/>\n<meta name=\"twitter:site\" content=\"@biosabor_agro\" \/>\n<script type=\"application\/ld+json\" class=\"yoast-schema-graph\">{\"@context\":\"https:\/\/schema.org\",\"@graph\":[{\"@type\":\"Organization\",\"@id\":\"https:\/\/biosabor.com\/#organization\",\"name\":\"BIOSABOR S.A.T.\",\"url\":\"https:\/\/biosabor.com\/\",\"sameAs\":[\"https:\/\/www.facebook.com\/empresabiosabor\/\",\"https:\/\/www.instagram.com\/biosaborsat\/\",\"https:\/\/www.linkedin.com\/company\/biosabor-sat\/about\/\",\"https:\/\/www.youtube.com\/channel\/UCyECE-7iXZWB1hFVVUwN_kQ\",\"https:\/\/twitter.com\/biosabor_agro\"],\"logo\":{\"@type\":\"ImageObject\",\"@id\":\"https:\/\/biosabor.com\/#logo\",\"inLanguage\":\"en-US\",\"url\":\"https:\/\/biosabor.com\/wp-content\/uploads\/2020\/05\/social-biosabor.jpg\",\"contentUrl\":\"https:\/\/biosabor.com\/wp-content\/uploads\/2020\/05\/social-biosabor.jpg\",\"width\":300,\"height\":300,\"caption\":\"BIOSABOR S.A.T.\"},\"image\":{\"@id\":\"https:\/\/biosabor.com\/#logo\"}},{\"@type\":\"WebSite\",\"@id\":\"https:\/\/biosabor.com\/#website\",\"url\":\"https:\/\/biosabor.com\/\",\"name\":\"Biosabor SAT - L\\u00edder en el cultivo ecol\\u00f3gico y gazpacho fresco natural\",\"description\":\"\",\"publisher\":{\"@id\":\"https:\/\/biosabor.com\/#organization\"},\"potentialAction\":[{\"@type\":\"SearchAction\",\"target\":{\"@type\":\"EntryPoint\",\"urlTemplate\":\"https:\/\/biosabor.com\/?s={search_term_string}\"},\"query-input\":\"required name=search_term_string\"}],\"inLanguage\":\"en-US\"},{\"@type\":\"ImageObject\",\"@id\":\"https:\/\/biosabor.com\/en\/#primaryimage\",\"inLanguage\":\"en-US\",\"url\":\"https:\/\/biosabor.com\/wp-content\/uploads\/2020\/09\/Frame-1-3-min.jpg\",\"contentUrl\":\"https:\/\/biosabor.com\/wp-content\/uploads\/2020\/09\/Frame-1-3-min.jpg\",\"width\":1440,\"height\":960},{\"@type\":\"WebPage\",\"@id\":\"https:\/\/biosabor.com\/en\/#webpage\",\"url\":\"https:\/\/biosabor.com\/en\/\",\"name\":\"Biosabor SAT - L\\u00edder en el cultivo ecol\\u00f3gico y gazpacho fresco natural\",\"isPartOf\":{\"@id\":\"https:\/\/biosabor.com\/#website\"},\"primaryImageOfPage\":{\"@id\":\"https:\/\/biosabor.com\/en\/#primaryimage\"},\"datePublished\":\"2020-05-23T21:12:11+00:00\",\"dateModified\":\"2022-04-12T10:10:59+00:00\",\"breadcrumb\":{\"@id\":\"https:\/\/biosabor.com\/en\/#breadcrumb\"},\"inLanguage\":\"en-US\",\"potentialAction\":[{\"@type\":\"ReadAction\",\"target\":[\"https:\/\/biosabor.com\/en\/\"]}]},{\"@type\":\"BreadcrumbList\",\"@id\":\"https:\/\/biosabor.com\/en\/#breadcrumb\",\"itemListElement\":[{\"@type\":\"ListItem\",\"position\":1,\"name\":\"Portada\",\"item\":\"https:\/\/biosabor.com\/en\/\"},{\"@type\":\"ListItem\",\"position\":2,\"name\":\"Home\"}]}]}<\/script>\n<!-- \/ Yoast SEO plugin. -->","yoast_head_json":{"title":"Biosabor SAT - L\u00edder en el cultivo ecol\u00f3gico y gazpacho fresco natural","robots":{"index":"index","follow":"follow","max-snippet":"max-snippet:-1","max-image-preview":"max-image-preview:large","max-video-preview":"max-video-preview:-1"},"canonical":"https:\/\/biosabor.com\/en\/","og_locale":"en_US","og_type":"article","og_title":"Biosabor SAT - L\u00edder en el cultivo ecol\u00f3gico y gazpacho fresco natural","og_description":"Somos una empresa pionera en agricultura ecol\u00f3gica, todos nuestros productos cumplen con los niveles m\u00e1s exigentes de seguridad alimentaria, tanto nacionales como internacionales.","og_url":"https:\/\/biosabor.com\/en\/","og_site_name":"Biosabor SAT - L\u00edder en el cultivo ecol\u00f3gico y gazpacho fresco natural","article_publisher":"https:\/\/www.facebook.com\/empresabiosabor\/","article_modified_time":"2022-04-12T10:10:59+00:00","og_image":[{"width":1440,"height":960,"url":"https:\/\/biosabor.com\/wp-content\/uploads\/2020\/09\/Frame-1-3-min.jpg","type":"image\/jpeg"}],"twitter_card":"summary_large_image","twitter_title":"Biosabor SAT - L\u00edder en el cultivo ecol\u00f3gico y gazpacho fresco natural","twitter_description":"Somos una empresa pionera en agricultura ecol\u00f3gica, todos nuestros productos cumplen con los niveles m\u00e1s exigentes de seguridad alimentaria, tanto nacionales como internacionales.","twitter_image":"https:\/\/biosabor.com\/wp-content\/uploads\/2021\/08\/Exterior-Ceniatal-scaled.jpg","twitter_site":"@biosabor_agro","schema":{"@context":"https:\/\/schema.org","@graph":[{"@type":"Organization","@id":"https:\/\/biosabor.com\/#organization","name":"BIOSABOR S.A.T.","url":"https:\/\/biosabor.com\/","sameAs":["https:\/\/www.facebook.com\/empresabiosabor\/","https:\/\/www.instagram.com\/biosaborsat\/","https:\/\/www.linkedin.com\/company\/biosabor-sat\/about\/","https:\/\/www.youtube.com\/channel\/UCyECE-7iXZWB1hFVVUwN_kQ","https:\/\/twitter.com\/biosabor_agro"],"logo":{"@type":"ImageObject","@id":"https:\/\/biosabor.com\/#logo","inLanguage":"en-US","url":"https:\/\/biosabor.com\/wp-content\/uploads\/2020\/05\/social-biosabor.jpg","contentUrl":"https:\/\/biosabor.com\/wp-content\/uploads\/2020\/05\/social-biosabor.jpg","width":300,"height":300,"caption":"BIOSABOR S.A.T."},"image":{"@id":"https:\/\/biosabor.com\/#logo"}},{"@type":"WebSite","@id":"https:\/\/biosabor.com\/#website","url":"https:\/\/biosabor.com\/","name":"Biosabor SAT - L\u00edder en el cultivo ecol\u00f3gico y gazpacho fresco natural","description":"","publisher":{"@id":"https:\/\/biosabor.com\/#organization"},"potentialAction":[{"@type":"SearchAction","target":{"@type":"EntryPoint","urlTemplate":"https:\/\/biosabor.com\/?s={search_term_string}"},"query-input":"required name=search_term_string"}],"inLanguage":"en-US"},{"@type":"ImageObject","@id":"https:\/\/biosabor.com\/en\/#primaryimage","inLanguage":"en-US","url":"https:\/\/biosabor.com\/wp-content\/uploads\/2020\/09\/Frame-1-3-min.jpg","contentUrl":"https:\/\/biosabor.com\/wp-content\/uploads\/2020\/09\/Frame-1-3-min.jpg","width":1440,"height":960},{"@type":"WebPage","@id":"https:\/\/biosabor.com\/en\/#webpage","url":"https:\/\/biosabor.com\/en\/","name":"Biosabor SAT - L\u00edder en el cultivo ecol\u00f3gico y gazpacho fresco natural","isPartOf":{"@id":"https:\/\/biosabor.com\/#website"},"primaryImageOfPage":{"@id":"https:\/\/biosabor.com\/en\/#primaryimage"},"datePublished":"2020-05-23T21:12:11+00:00","dateModified":"2022-04-12T10:10:59+00:00","breadcrumb":{"@id":"https:\/\/biosabor.com\/en\/#breadcrumb"},"inLanguage":"en-US","potentialAction":[{"@type":"ReadAction","target":["https:\/\/biosabor.com\/en\/"]}]},{"@type":"BreadcrumbList","@id":"https:\/\/biosabor.com\/en\/#breadcrumb","itemListElement":[{"@type":"ListItem","position":1,"name":"Portada","item":"https:\/\/biosabor.com\/en\/"},{"@type":"ListItem","position":2,"name":"Home"}]}]}},"_links":{"self":[{"href":"https:\/\/biosabor.com\/en\/wp-json\/wp\/v2\/pages\/7524"}],"collection":[{"href":"https:\/\/biosabor.com\/en\/wp-json\/wp\/v2\/pages"}],"about":[{"href":"https:\/\/biosabor.com\/en\/wp-json\/wp\/v2\/types\/page"}],"author":[{"embeddable":true,"href":"https:\/\/biosabor.com\/en\/wp-json\/wp\/v2\/users\/3"}],"replies":[{"embeddable":true,"href":"https:\/\/biosabor.com\/en\/wp-json\/wp\/v2\/comments?post=7524"}],"version-history":[{"count":4,"href":"https:\/\/biosabor.com\/en\/wp-json\/wp\/v2\/pages\/7524\/revisions"}],"predecessor-version":[{"id":7550,"href":"https:\/\/biosabor.com\/en\/wp-json\/wp\/v2\/pages\/7524\/revisions\/7550"}],"wp:featuredmedia":[{"embeddable":true,"href":"https:\/\/biosabor.com\/en\/wp-json\/wp\/v2\/media\/7943"}],"wp:attachment":[{"href":"https:\/\/biosabor.com\/en\/wp-json\/wp\/v2\/media?parent=7524"}],"curies":[{"name":"wp","href":"https:\/\/api.w.org\/{rel}","templated":true}]}}