{"id":7412,"date":"2020-05-23T23:14:18","date_gmt":"2020-05-23T21:14:18","guid":{"rendered":"https:\/\/biosabor.com\/certificaciones\/"},"modified":"2023-09-01T12:06:27","modified_gmt":"2023-09-01T10:06:27","slug":"certifications","status":"publish","type":"page","link":"https:\/\/biosabor.com\/en\/certifications\/","title":{"rendered":"Certifications"},"content":{"rendered":"\n<p>En BioSabor hemos establecido un sistema de gesti\u00f3n de la excelencia, que abarca todas sus actividades, desde la siembra de las semillas en las fincas hasta la distribuci\u00f3n al consumidor final. Contamos con las m\u00e1s prestigiosas certificaciones de calidad y seguridad alimentaria (BRC, GLOBAL GAP, GRASP, IFS Food, Bio Suisse, ISO 9001, ISO 14001, Producci\u00f3n ecol\u00f3gica, SMETA), en conformidad con las caracter\u00edsticas de la producci\u00f3n ecol\u00f3gica; lo que nos permite competir con ventaja en los mercados nacionales e internacionales a los que nuestros productos se dirigen.<\/p>\n\n\n\n<p>Biosabor S.A.T es una empresa pionera y promotora de la agricultura ecol\u00f3gica en cultivos protegidos, gracias a la implementaci\u00f3n del sistema de gesti\u00f3n de excelencia tenemos una evaluaci\u00f3n y revisi\u00f3n constante de los procesos, para as\u00ed poder ofrecer una calidad y mejora continua contando adem\u00e1s con una pol\u00edtica de calidad y seguridad alimentaria que abarca todas nuestras actividades de producci\u00f3n, envasado, almacenamiento y distribuci\u00f3n. Las certificaciones conseguidas son, para nosotros, un aval que refuerza la confianza que nuestros grupos de inter\u00e9s depositan en la marca BioSabor.<\/p>\n","protected":false},"excerpt":{"rendered":"<p>En BioSabor hemos establecido un sistema de gesti\u00f3n de la excelencia, que abarca todas sus actividades, desde la siembra de las semillas en las fincas hasta la distribuci\u00f3n al consumidor<\/p>\n","protected":false},"author":3,"featured_media":6954,"parent":0,"menu_order":0,"comment_status":"closed","ping_status":"closed","template":"page-certificados.php","meta":[],"acf":[],"yoast_head":"<!-- This site is optimized with the Yoast SEO plugin v17.8 - https:\/\/yoast.com\/wordpress\/plugins\/seo\/ -->\n<title>Certifications | Bisabor<\/title>\n<meta name=\"robots\" content=\"index, follow, max-snippet:-1, max-image-preview:large, max-video-preview:-1\" \/>\n<link rel=\"canonical\" href=\"https:\/\/biosabor.com\/en\/certifications\/\" \/>\n<meta property=\"og:locale\" content=\"en_US\" \/>\n<meta property=\"og:type\" content=\"article\" \/>\n<meta property=\"og:title\" content=\"Certifications | Bisabor\" \/>\n<meta property=\"og:description\" content=\"En BioSabor hemos establecido un sistema de gesti\u00f3n de la excelencia, que abarca todas sus actividades, desde la siembra de las semillas en las fincas hasta la distribuci\u00f3n al consumidor\" \/>\n<meta property=\"og:url\" content=\"https:\/\/biosabor.com\/en\/certifications\/\" \/>\n<meta property=\"og:site_name\" content=\"Biosabor SAT - L\u00edder en el cultivo ecol\u00f3gico y gazpacho fresco natural\" \/>\n<meta property=\"article:publisher\" content=\"https:\/\/www.facebook.com\/empresabiosabor\/\" \/>\n<meta property=\"article:modified_time\" content=\"2023-09-01T10:06:27+00:00\" \/>\n<meta property=\"og:image\" content=\"https:\/\/biosabor.com\/wp-content\/uploads\/2021\/07\/ecosistema-invernadero-solar-e1626704064729-1.jpeg\" \/>\n\t<meta property=\"og:image:width\" content=\"1414\" \/>\n\t<meta property=\"og:image:height\" content=\"485\" \/>\n<meta name=\"twitter:card\" content=\"summary_large_image\" \/>\n<meta name=\"twitter:site\" content=\"@biosabor_agro\" \/>\n<meta name=\"twitter:label1\" content=\"Est. reading time\" \/>\n\t<meta name=\"twitter:data1\" content=\"1 minute\" \/>\n<script type=\"application\/ld+json\" class=\"yoast-schema-graph\">{\"@context\":\"https:\/\/schema.org\",\"@graph\":[{\"@type\":\"Organization\",\"@id\":\"https:\/\/biosabor.com\/#organization\",\"name\":\"BIOSABOR S.A.T.\",\"url\":\"https:\/\/biosabor.com\/\",\"sameAs\":[\"https:\/\/www.facebook.com\/empresabiosabor\/\",\"https:\/\/www.instagram.com\/biosaborsat\/\",\"https:\/\/www.linkedin.com\/company\/biosabor-sat\/about\/\",\"https:\/\/www.youtube.com\/channel\/UCyECE-7iXZWB1hFVVUwN_kQ\",\"https:\/\/twitter.com\/biosabor_agro\"],\"logo\":{\"@type\":\"ImageObject\",\"@id\":\"https:\/\/biosabor.com\/#logo\",\"inLanguage\":\"en-US\",\"url\":\"https:\/\/biosabor.com\/wp-content\/uploads\/2020\/05\/social-biosabor.jpg\",\"contentUrl\":\"https:\/\/biosabor.com\/wp-content\/uploads\/2020\/05\/social-biosabor.jpg\",\"width\":300,\"height\":300,\"caption\":\"BIOSABOR S.A.T.\"},\"image\":{\"@id\":\"https:\/\/biosabor.com\/#logo\"}},{\"@type\":\"WebSite\",\"@id\":\"https:\/\/biosabor.com\/#website\",\"url\":\"https:\/\/biosabor.com\/\",\"name\":\"Biosabor SAT - L\\u00edder en el cultivo ecol\\u00f3gico y gazpacho fresco natural\",\"description\":\"\",\"publisher\":{\"@id\":\"https:\/\/biosabor.com\/#organization\"},\"potentialAction\":[{\"@type\":\"SearchAction\",\"target\":{\"@type\":\"EntryPoint\",\"urlTemplate\":\"https:\/\/biosabor.com\/?s={search_term_string}\"},\"query-input\":\"required name=search_term_string\"}],\"inLanguage\":\"en-US\"},{\"@type\":\"ImageObject\",\"@id\":\"https:\/\/biosabor.com\/en\/certifications\/#primaryimage\",\"inLanguage\":\"en-US\",\"url\":\"https:\/\/biosabor.com\/wp-content\/uploads\/2021\/07\/ecosistema-invernadero-solar-e1626704064729-1.jpeg\",\"contentUrl\":\"https:\/\/biosabor.com\/wp-content\/uploads\/2021\/07\/ecosistema-invernadero-solar-e1626704064729-1.jpeg\",\"width\":1414,\"height\":485},{\"@type\":\"WebPage\",\"@id\":\"https:\/\/biosabor.com\/en\/certifications\/#webpage\",\"url\":\"https:\/\/biosabor.com\/en\/certifications\/\",\"name\":\"Certifications | Bisabor\",\"isPartOf\":{\"@id\":\"https:\/\/biosabor.com\/#website\"},\"primaryImageOfPage\":{\"@id\":\"https:\/\/biosabor.com\/en\/certifications\/#primaryimage\"},\"datePublished\":\"2020-05-23T21:14:18+00:00\",\"dateModified\":\"2023-09-01T10:06:27+00:00\",\"breadcrumb\":{\"@id\":\"https:\/\/biosabor.com\/en\/certifications\/#breadcrumb\"},\"inLanguage\":\"en-US\",\"potentialAction\":[{\"@type\":\"ReadAction\",\"target\":[\"https:\/\/biosabor.com\/en\/certifications\/\"]}]},{\"@type\":\"BreadcrumbList\",\"@id\":\"https:\/\/biosabor.com\/en\/certifications\/#breadcrumb\",\"itemListElement\":[{\"@type\":\"ListItem\",\"position\":1,\"name\":\"Portada\",\"item\":\"https:\/\/biosabor.com\/en\/\"},{\"@type\":\"ListItem\",\"position\":2,\"name\":\"Certifications\"}]}]}<\/script>\n<!-- \/ Yoast SEO plugin. -->","yoast_head_json":{"title":"Certifications | Bisabor","robots":{"index":"index","follow":"follow","max-snippet":"max-snippet:-1","max-image-preview":"max-image-preview:large","max-video-preview":"max-video-preview:-1"},"canonical":"https:\/\/biosabor.com\/en\/certifications\/","og_locale":"en_US","og_type":"article","og_title":"Certifications | Bisabor","og_description":"En BioSabor hemos establecido un sistema de gesti\u00f3n de la excelencia, que abarca todas sus actividades, desde la siembra de las semillas en las fincas hasta la distribuci\u00f3n al consumidor","og_url":"https:\/\/biosabor.com\/en\/certifications\/","og_site_name":"Biosabor SAT - L\u00edder en el cultivo ecol\u00f3gico y gazpacho fresco natural","article_publisher":"https:\/\/www.facebook.com\/empresabiosabor\/","article_modified_time":"2023-09-01T10:06:27+00:00","og_image":[{"width":1414,"height":485,"url":"https:\/\/biosabor.com\/wp-content\/uploads\/2021\/07\/ecosistema-invernadero-solar-e1626704064729-1.jpeg","type":"image\/jpeg"}],"twitter_card":"summary_large_image","twitter_site":"@biosabor_agro","twitter_misc":{"Est. reading time":"1 minute"},"schema":{"@context":"https:\/\/schema.org","@graph":[{"@type":"Organization","@id":"https:\/\/biosabor.com\/#organization","name":"BIOSABOR S.A.T.","url":"https:\/\/biosabor.com\/","sameAs":["https:\/\/www.facebook.com\/empresabiosabor\/","https:\/\/www.instagram.com\/biosaborsat\/","https:\/\/www.linkedin.com\/company\/biosabor-sat\/about\/","https:\/\/www.youtube.com\/channel\/UCyECE-7iXZWB1hFVVUwN_kQ","https:\/\/twitter.com\/biosabor_agro"],"logo":{"@type":"ImageObject","@id":"https:\/\/biosabor.com\/#logo","inLanguage":"en-US","url":"https:\/\/biosabor.com\/wp-content\/uploads\/2020\/05\/social-biosabor.jpg","contentUrl":"https:\/\/biosabor.com\/wp-content\/uploads\/2020\/05\/social-biosabor.jpg","width":300,"height":300,"caption":"BIOSABOR S.A.T."},"image":{"@id":"https:\/\/biosabor.com\/#logo"}},{"@type":"WebSite","@id":"https:\/\/biosabor.com\/#website","url":"https:\/\/biosabor.com\/","name":"Biosabor SAT - L\u00edder en el cultivo ecol\u00f3gico y gazpacho fresco natural","description":"","publisher":{"@id":"https:\/\/biosabor.com\/#organization"},"potentialAction":[{"@type":"SearchAction","target":{"@type":"EntryPoint","urlTemplate":"https:\/\/biosabor.com\/?s={search_term_string}"},"query-input":"required name=search_term_string"}],"inLanguage":"en-US"},{"@type":"ImageObject","@id":"https:\/\/biosabor.com\/en\/certifications\/#primaryimage","inLanguage":"en-US","url":"https:\/\/biosabor.com\/wp-content\/uploads\/2021\/07\/ecosistema-invernadero-solar-e1626704064729-1.jpeg","contentUrl":"https:\/\/biosabor.com\/wp-content\/uploads\/2021\/07\/ecosistema-invernadero-solar-e1626704064729-1.jpeg","width":1414,"height":485},{"@type":"WebPage","@id":"https:\/\/biosabor.com\/en\/certifications\/#webpage","url":"https:\/\/biosabor.com\/en\/certifications\/","name":"Certifications | Bisabor","isPartOf":{"@id":"https:\/\/biosabor.com\/#website"},"primaryImageOfPage":{"@id":"https:\/\/biosabor.com\/en\/certifications\/#primaryimage"},"datePublished":"2020-05-23T21:14:18+00:00","dateModified":"2023-09-01T10:06:27+00:00","breadcrumb":{"@id":"https:\/\/biosabor.com\/en\/certifications\/#breadcrumb"},"inLanguage":"en-US","potentialAction":[{"@type":"ReadAction","target":["https:\/\/biosabor.com\/en\/certifications\/"]}]},{"@type":"BreadcrumbList","@id":"https:\/\/biosabor.com\/en\/certifications\/#breadcrumb","itemListElement":[{"@type":"ListItem","position":1,"name":"Portada","item":"https:\/\/biosabor.com\/en\/"},{"@type":"ListItem","position":2,"name":"Certifications"}]}]}},"_links":{"self":[{"href":"https:\/\/biosabor.com\/en\/wp-json\/wp\/v2\/pages\/7412"}],"collection":[{"href":"https:\/\/biosabor.com\/en\/wp-json\/wp\/v2\/pages"}],"about":[{"href":"https:\/\/biosabor.com\/en\/wp-json\/wp\/v2\/types\/page"}],"author":[{"embeddable":true,"href":"https:\/\/biosabor.com\/en\/wp-json\/wp\/v2\/users\/3"}],"replies":[{"embeddable":true,"href":"https:\/\/biosabor.com\/en\/wp-json\/wp\/v2\/comments?post=7412"}],"version-history":[{"count":33,"href":"https:\/\/biosabor.com\/en\/wp-json\/wp\/v2\/pages\/7412\/revisions"}],"predecessor-version":[{"id":9202,"href":"https:\/\/biosabor.com\/en\/wp-json\/wp\/v2\/pages\/7412\/revisions\/9202"}],"wp:featuredmedia":[{"embeddable":true,"href":"https:\/\/biosabor.com\/en\/wp-json\/wp\/v2\/media\/6954"}],"wp:attachment":[{"href":"https:\/\/biosabor.com\/en\/wp-json\/wp\/v2\/media?parent=7412"}],"curies":[{"name":"wp","href":"https:\/\/api.w.org\/{rel}","templated":true}]}}